{"id":986,"date":"2020-12-21T13:00:06","date_gmt":"2020-12-21T16:00:06","guid":{"rendered":"https:\/\/isfd13-bue.infd.edu.ar\/sitio\/inscripciones\/"},"modified":"2025-11-28T10:32:21","modified_gmt":"2025-11-28T13:32:21","slug":"inscripciones","status":"publish","type":"page","link":"https:\/\/isfd13-bue.infd.edu.ar\/sitio\/inscripciones\/","title":{"rendered":"Inscripciones"},"content":{"rendered":"<p style=\"text-align: center;\"><strong><span style=\"font-size: 18pt; color: #0000ff;\">INSCRIPCIONES 2026<\/span><\/strong><\/p>\n<div class=\"field field-name-field-calendario field-type-datestamp field-label-hidden\">\n<div class=\"field-items\">\n<div class=\"field-item even\"><span class=\"date-display-single\">\u00a0 <\/span><span class=\"date-display-single\">\u00a0<\/span><\/div>\n<div>\n<p><strong><span style=\"font-size: 18pt; color: #0000ff;\">Ya pod\u00e9s inscribirte a las siguientes carreras:<\/span><\/strong><\/p>\n<ul>\n<li>Tecnicatura Superior en Trabajo Social<\/li>\n<li>Tecnicatura Superior en Acompa\u00f1amiento Terap\u00e9utico<\/li>\n<li>Tecnicatura Superior en Administraci\u00f3n Agropecuaria<\/li>\n<li>Tecnicatura Superior en Administraci\u00f3n de PYMES<\/li>\n<li>Tecnicatura Superior en Dise\u00f1o y Producci\u00f3n de Indumentaria<\/li>\n<li>Tecnicatura Superior en Psicopedagog\u00eda<\/li>\n<li>Profesorado de Educaci\u00f3n Especial &#8211; Modalidad Discapacidad Intelectual<\/li>\n<li>Profesorado en Educaci\u00f3n Inicial (turno tarde)<\/li>\n<li>Profesorado en Educaci\u00f3n Inicial (turno vespertino)<\/li>\n<li>Profesorado en Educaci\u00f3n F\u00edsica (turno ma\u00f1ana)<\/li>\n<li>Profesorado en Educaci\u00f3n F\u00edsica (turno tarde)<\/li>\n<li>Tecnicatura Superior en Periodismo<\/li>\n<\/ul>\n<\/div>\n<\/div>\n<\/div>\n<p style=\"text-align: left;\"><span style=\"font-size: 18pt;\"><strong><span style=\"color: #0000ff;\">Requisitos:<\/span><\/strong><\/span><\/p>\n<ul>\n<li><span style=\"font-size: 14pt; color: #000000;\"><span style=\"font-size: 12pt;\"><span style=\"font-size: 14pt;\">Planilla de Inscripci\u00f3n<\/span> &#8211;<a href=\"https:\/\/isfd13-bue.infd.edu.ar\/sitio\/wp-content\/uploads\/2020\/11\/A1.pdf\"><span style=\"font-size: 10pt;\"><span style=\"font-size: 8pt;\"> bajala desde aqu\u00ed<\/span><\/span><\/a><\/span><\/span><\/li>\n<li><span style=\"font-size: 14pt;\">T\u00edtulo de secundario (traer original y copia o copia legalizada) \/ T\u00edtulo en tr\u00e1mite<\/span><\/li>\n<li><span style=\"font-size: 14pt;\">Partida de nacimiento<\/span><\/li>\n<li><span style=\"font-size: 14pt; color: #000000;\">Fotocopia de DNI<\/span><\/li>\n<li><span style=\"font-size: 14pt; color: #000000;\">2 fotos tipo carnet<\/span><\/li>\n<li><span style=\"font-size: 14pt; color: #000000;\"><span style=\"font-size: 12pt;\"><span style=\"font-size: 14pt;\">Certificado de buena salud*<\/span><br \/>\n<\/span><\/span><\/li>\n<\/ul>\n<p style=\"text-align: left;\"><span style=\"font-size: 14pt; color: #000000;\"><span style=\"font-size: 12pt;\"><em><strong>*Para la carrera Profesorado de Educaci\u00f3n F\u00edsica deber\u00e1n presentar la <a title=\"A2\" href=\"https:\/\/isfd13-bue.infd.edu.ar\/sitio\/wp-content\/uploads\/2020\/11\/A2.pdf\" target=\"_blank\" rel=\"noopener\">planilla m\u00e9dica<\/a> y planilla\u00a0<a href=\"https:\/\/isfd13-bue.infd.edu.ar\/sitio\/wp-content\/uploads\/2025\/11\/Planilla-Natacion.pdf\">nataci\u00f3n.<\/a>\u00a0<\/strong><\/em><\/span><\/span><\/p>\n<p><span style=\"font-size: 14pt; color: #000000;\"><span style=\"font-size: 12pt;\"><em><strong>Las inscripciones al ciclo 2026 se realizar\u00e1n de manera presencial en la preceptor\u00eda del Instituto<\/strong><\/em><\/span><\/span><\/p>\n<p style=\"text-align: left;\"><span style=\"font-size: 18pt;\"><strong><span style=\"color: #0000ff;\">CONSULTAS<\/span><\/strong><\/span><\/p>\n<p style=\"text-align: left;\"><span style=\"font-size: 10pt; color: #000000;\"><strong>De lunes a viernes de 7:30 a 23:00<\/strong><\/span><\/p>\n<p style=\"text-align: left;\"><strong style=\"color: #000000; font-size: 10pt;\">mail: preceptoriadel13@gmail.com<\/strong><\/p>\n<p style=\"text-align: left;\"><strong style=\"color: #000000; font-size: 10pt;\">tel: 02396472698<\/strong><\/p>\n","protected":false},"excerpt":{"rendered":"<p>INSCRIPCIONES 2026 \u00a0 \u00a0 Ya pod\u00e9s inscribirte a las siguientes carreras: Tecnicatura Superior en Trabajo Social Tecnicatura Superior en Acompa\u00f1amiento Terap\u00e9utico Tecnicatura Superior en Administraci\u00f3n Agropecuaria Tecnicatura Superior en Administraci\u00f3n de PYMES Tecnicatura Superior en Dise\u00f1o y Producci\u00f3n de Indumentaria Tecnicatura Superior en Psicopedagog\u00eda Profesorado de Educaci\u00f3n Especial &#8211; Modalidad Discapacidad Intelectual Profesorado en Educaci\u00f3n &#8230; <a title=\"Inscripciones\" class=\"read-more\" href=\"https:\/\/isfd13-bue.infd.edu.ar\/sitio\/inscripciones\/\" aria-label=\"More on Inscripciones\">[+]<\/a><\/p>\n","protected":false},"author":363,"featured_media":0,"parent":0,"menu_order":0,"comment_status":"closed","ping_status":"closed","template":"","meta":[],"acf":[],"_links":{"self":[{"href":"https:\/\/isfd13-bue.infd.edu.ar\/sitio\/wp-json\/wp\/v2\/pages\/986"}],"collection":[{"href":"https:\/\/isfd13-bue.infd.edu.ar\/sitio\/wp-json\/wp\/v2\/pages"}],"about":[{"href":"https:\/\/isfd13-bue.infd.edu.ar\/sitio\/wp-json\/wp\/v2\/types\/page"}],"author":[{"embeddable":true,"href":"https:\/\/isfd13-bue.infd.edu.ar\/sitio\/wp-json\/wp\/v2\/users\/363"}],"replies":[{"embeddable":true,"href":"https:\/\/isfd13-bue.infd.edu.ar\/sitio\/wp-json\/wp\/v2\/comments?post=986"}],"version-history":[{"count":41,"href":"https:\/\/isfd13-bue.infd.edu.ar\/sitio\/wp-json\/wp\/v2\/pages\/986\/revisions"}],"predecessor-version":[{"id":1644,"href":"https:\/\/isfd13-bue.infd.edu.ar\/sitio\/wp-json\/wp\/v2\/pages\/986\/revisions\/1644"}],"wp:attachment":[{"href":"https:\/\/isfd13-bue.infd.edu.ar\/sitio\/wp-json\/wp\/v2\/media?parent=986"}],"curies":[{"name":"wp","href":"https:\/\/api.w.org\/{rel}","templated":true}]}}