{"id":941,"date":"2018-08-29T17:50:52","date_gmt":"2018-08-29T20:50:52","guid":{"rendered":"https:\/\/isfd13-bue.infd.edu.ar\/sitio\/cobertura-de-catedra\/"},"modified":"2026-04-01T10:46:17","modified_gmt":"2026-04-01T13:46:17","slug":"cobertura-de-catedra","status":"publish","type":"page","link":"https:\/\/isfd13-bue.infd.edu.ar\/sitio\/cobertura-de-catedra\/","title":{"rendered":"Cobertura de c\u00e1tedra"},"content":{"rendered":"<p><strong><span style=\"font-size: 12pt;\">En esta secci\u00f3n publicamos lo referente a pruebas de selecci\u00f3n para la cobertura de c\u00e1tedras.<\/span><\/strong><\/p>\n<p><span style=\"font-size: 12pt;\">Recordamos que los proyectos se eval\u00faan de acuerdo a la resoluci\u00f3n 6179\/2025<\/span>\u00a0<a title=\"Res 5886\/03\" href=\"https:\/\/isfd13-bue.infd.edu.ar\/sitio\/wp-content\/uploads\/2026\/04\/RESOC-2025-6179-GDEBA-DGCYE.pdf\" target=\"_blank\" rel=\"noopener\"><span style=\"font-size: 8pt;\">-descargar aqu\u00ed-<\/span><\/a><\/p>\n<p><span style=\"font-size: 12pt;\">Resoluci\u00f3n 4196\/24 <a title=\"res. 4043\/09\" href=\"https:\/\/isfd13-bue.infd.edu.ar\/sitio\/wp-content\/uploads\/2025\/06\/4196-24.pdf\" target=\"_blank\" rel=\"noopener\"><span style=\"font-size: 8pt;\">&#8211; descargar aqu\u00ed-.<\/span><\/a><br \/>\n<\/span><\/p>\n<p>R\u00fabrica carreras docentes <a href=\"https:\/\/isfd13-bue.infd.edu.ar\/sitio\/wp-content\/uploads\/2026\/04\/Rubrica-RES.-6179-Docentes.pdf\"><span style=\"font-size: 12pt;\"><span style=\"font-size: 8pt;\">&#8211; descargar aqu\u00ed-.<\/span><\/span><\/a><\/p>\n<p>R\u00fabrica carreras t\u00e9cnicas <a href=\"https:\/\/isfd13-bue.infd.edu.ar\/sitio\/wp-content\/uploads\/2026\/04\/Rubrica-RES.-6179-Carreras-tecnicas.pdf\"><span style=\"font-size: 12pt;\"><span style=\"font-size: 8pt;\">&#8211; descargar aqu\u00ed-.<\/span><\/span><\/a><\/p>\n<ul>\n<li><span style=\"font-size: 12pt;\">Tecnicatura Superior en Administraci\u00f3n de PyMES <span style=\"font-size: 8pt;\">&#8211;<a title=\"Resoluci\u00f3n 5835\/03\" href=\"https:\/\/isfd13-bue.infd.edu.ar\/sitio\/wp-content\/uploads\/2025\/03\/IF-2023-48123151-GDEBA-DESFTDGCYE.pdf\" target=\"_blank\" rel=\"noopener\"> contenidos aqu\u00ed<\/a>&#8211;<\/span><\/span><\/li>\n<li><span style=\"font-size: 8pt;\"><span style=\"font-size: 12pt;\">Tecnicatura Superior en Psicopedagog\u00eda <a title=\"Resoluci\u00f3n Psicopedagog\u00eda\" href=\"upload\/Psicopedagogia_2460.pdf\" target=\"_blank\" rel=\"noopener\"><span style=\"font-size: 8pt;\">-contenidos aqu\u00ed-<\/span><\/a><\/span><\/span><\/li>\n<li><span style=\"font-size: 12pt;\"><span style=\"font-size: 8pt;\"><span style=\"font-size: 12pt;\"><span style=\"font-size: 8pt;\"><span style=\"font-size: 12pt;\">Profesorado en Educaci\u00f3n Especial con Orientaci\u00f3n en Discapacidad Intelectual\/Neuro\/Hipoac\u00fasico\/Visual <\/span><a title=\"Resoluci\u00f3n 1009\/09\" href=\"upload\/RMN_100909.pdf\" target=\"_blank\" rel=\"noopener\">-contenidos aqu\u00ed<\/a>&#8211;<\/span><\/span><\/span><\/span><span style=\"font-size: 12pt;\"><span style=\"font-size: 8pt;\"><span style=\"font-size: 12pt;\"><span style=\"font-size: 8pt;\">\u00a0 \u00a0 \u00a0<\/span><\/span><\/span><\/span><\/li>\n<li><span style=\"font-size: 12pt;\"><span style=\"font-size: 8pt;\"><span style=\"font-size: 12pt;\"><span style=\"font-size: 8pt;\"><span style=\"font-size: 12pt;\">Tecnicatura Superior en Dise\u00f1o y Producci\u00f3n de Indumentaria\u00a0 <span style=\"font-size: 8pt;\">\u00a0<\/span><\/span><\/span><\/span><\/span><\/span><a title=\"129\/12 Indumentaria\" href=\"https:\/\/isfd13-bue.infd.edu.ar\/sitio\/wp-content\/uploads\/2026\/04\/RSC-2025-6191-Diseno-y-Produccion-Indumentaria.pdf\" target=\"_blank\" rel=\"noopener\"><span style=\"font-size: 12pt;\"><span style=\"font-size: 8pt;\"><span style=\"font-size: 12pt;\"><span style=\"font-size: 8pt;\">-contenidos aqu\u00ed-<\/span><\/span><\/span><\/span><\/a><span style=\"font-size: 11px;\"><span style=\"white-space: pre;\"><a title=\"DC312052012\" href=\"upload\/DC312052012.pdf\" target=\"_blank\" rel=\"noopener\">\u00a0<\/a><\/span><\/span><\/li>\n<li><span style=\"font-size: 12pt;\">Tecnicatura Superior en Trabajo Social <\/span><a title=\"Res. 1666-06\" href=\"upload\/Res.166606_Trabajo_Social.pdf\" target=\"_blank\" rel=\"noopener\"><span style=\"font-size: 12pt;\"><span style=\"font-size: 8pt;\"><span style=\"font-size: 12pt;\"><span style=\"font-size: 8pt;\">-contenidos aqu\u00ed-<\/span><\/span><\/span><\/span><\/a><\/li>\n<li><span style=\"font-size: 12pt;\"><span style=\"font-size: 8pt;\"><span style=\"font-size: 12pt;\"><span style=\"font-size: 8pt;\"><span style=\"font-size: 12pt;\">Profesorado en Educaci\u00f3n F\u00edsica<\/span> &#8211;<a title=\"Resoluci\u00f3n 2432\/09\" href=\"upload\/RMN_243209.pdf\" target=\"_blank\" rel=\"noopener\">contenidos aqu\u00ed-<\/a><\/span><\/span><\/span><\/span><span style=\"font-size: 12pt;\"><span style=\"font-size: 8pt;\"><span style=\"font-size: 12pt;\"><span style=\"font-size: 8pt;\">\u00a0 \u00a0 \u00a0 \u00a0 \u00a0 \u00a0 \u00a0 \u00a0<\/span><\/span><\/span><\/span><\/li>\n<li>Tecnicatura Superior en Administraci\u00f3n Agropecuaria <a style=\"font-size: 8pt;\" href=\"https:\/\/isfd13-bue.infd.edu.ar\/sitio\/wp-content\/uploads\/2022\/02\/TSADA-5032-19.pdf\">-contenidos aqu\u00ed-<\/a><\/li>\n<li><span style=\"font-size: 12pt;\">Tecnicatura Superior en Acompa\u00f1ante Terap\u00e9utico <a href=\"https:\/\/drive.google.com\/open?id=1D2s_Vzx9t8ls0JLFRPq6nlHwLikuvy0e\"><span style=\"font-size: 8pt;\">&#8211; contenidos aqu\u00ed-<\/span><\/a><\/span><\/li>\n<li><span style=\"font-size: 12pt;\">Profesorado de Educaci\u00f3n Inicial <a title=\"Dise\u00f1o Inicial\" href=\"upload\/dcurricularsuperior%20inicial-primaria%204154.pdf\" target=\"_blank\" rel=\"noopener\"><span style=\"font-size: 8pt;\">&#8211; ver contenidos aqu\u00ed-<\/span><\/a><\/span><\/li>\n<li>Tecnicatura Superior en Periodismo <a href=\"https:\/\/isfd13-bue.infd.edu.ar\/sitio\/wp-content\/uploads\/2022\/12\/505-13-periodismo.pdf\"><span style=\"font-size: 12pt;\"><span style=\"font-size: 8pt;\">&#8211; ver contenidos aqu\u00ed-<\/span><\/span><\/a><\/li>\n<li>Tecnicatura Superior en Tiempo Libre y Recreaci\u00f3n <a href=\"https:\/\/isfd13-bue.infd.edu.ar\/sitio\/wp-content\/uploads\/2026\/04\/Res-3783-22-Tiempo-Libre-y-Recreacion.pdf\"><span style=\"font-size: 12pt;\"><span style=\"font-size: 8pt;\">-ver contenidos aqu\u00ed-<\/span><\/span><\/a><\/li>\n<\/ul>\n","protected":false},"excerpt":{"rendered":"<p>En esta secci\u00f3n publicamos lo referente a pruebas de selecci\u00f3n para la cobertura de c\u00e1tedras. Recordamos que los proyectos se eval\u00faan de acuerdo a la resoluci\u00f3n 6179\/2025\u00a0-descargar aqu\u00ed- Resoluci\u00f3n 4196\/24 &#8211; descargar aqu\u00ed-. R\u00fabrica carreras docentes &#8211; descargar aqu\u00ed-. R\u00fabrica carreras t\u00e9cnicas &#8211; descargar aqu\u00ed-. Tecnicatura Superior en Administraci\u00f3n de PyMES &#8211; contenidos aqu\u00ed&#8211; Tecnicatura &#8230; <a title=\"Cobertura de c\u00e1tedra\" class=\"read-more\" href=\"https:\/\/isfd13-bue.infd.edu.ar\/sitio\/cobertura-de-catedra\/\" aria-label=\"More on Cobertura de c\u00e1tedra\">[+]<\/a><\/p>\n","protected":false},"author":363,"featured_media":0,"parent":0,"menu_order":0,"comment_status":"closed","ping_status":"closed","template":"","meta":[],"acf":[],"_links":{"self":[{"href":"https:\/\/isfd13-bue.infd.edu.ar\/sitio\/wp-json\/wp\/v2\/pages\/941"}],"collection":[{"href":"https:\/\/isfd13-bue.infd.edu.ar\/sitio\/wp-json\/wp\/v2\/pages"}],"about":[{"href":"https:\/\/isfd13-bue.infd.edu.ar\/sitio\/wp-json\/wp\/v2\/types\/page"}],"author":[{"embeddable":true,"href":"https:\/\/isfd13-bue.infd.edu.ar\/sitio\/wp-json\/wp\/v2\/users\/363"}],"replies":[{"embeddable":true,"href":"https:\/\/isfd13-bue.infd.edu.ar\/sitio\/wp-json\/wp\/v2\/comments?post=941"}],"version-history":[{"count":20,"href":"https:\/\/isfd13-bue.infd.edu.ar\/sitio\/wp-json\/wp\/v2\/pages\/941\/revisions"}],"predecessor-version":[{"id":1656,"href":"https:\/\/isfd13-bue.infd.edu.ar\/sitio\/wp-json\/wp\/v2\/pages\/941\/revisions\/1656"}],"wp:attachment":[{"href":"https:\/\/isfd13-bue.infd.edu.ar\/sitio\/wp-json\/wp\/v2\/media?parent=941"}],"curies":[{"name":"wp","href":"https:\/\/api.w.org\/{rel}","templated":true}]}}