{"id":937,"date":"2018-08-29T17:50:51","date_gmt":"2018-08-29T20:50:51","guid":{"rendered":"https:\/\/isfd13-bue.infd.edu.ar\/sitio\/noticias-del-instituto\/"},"modified":"2023-07-12T11:31:33","modified_gmt":"2023-07-12T14:31:33","slug":"noticias-del-instituto","status":"publish","type":"page","link":"https:\/\/isfd13-bue.infd.edu.ar\/sitio\/noticias-del-instituto\/","title":{"rendered":"Noticias del Instituto"},"content":{"rendered":"<div>\u00a0<\/div>\n<div><img decoding=\"async\" loading=\"lazy\" class=\"wp-image-1550 aligncenter\" src=\"https:\/\/isfd13-bue.infd.edu.ar\/sitio\/wp-content\/uploads\/2023\/07\/Trayecto-I.S.F.D.-y-T.-N\u00b0-13-1000x1000.png\" alt=\"\" width=\"178\" height=\"178\" srcset=\"https:\/\/isfd13-bue.infd.edu.ar\/sitio\/wp-content\/uploads\/2023\/07\/Trayecto-I.S.F.D.-y-T.-N\u00b0-13-1000x1000.png 1000w, https:\/\/isfd13-bue.infd.edu.ar\/sitio\/wp-content\/uploads\/2023\/07\/Trayecto-I.S.F.D.-y-T.-N\u00b0-13-500x500.png 500w, https:\/\/isfd13-bue.infd.edu.ar\/sitio\/wp-content\/uploads\/2023\/07\/Trayecto-I.S.F.D.-y-T.-N\u00b0-13-768x768.png 768w, https:\/\/isfd13-bue.infd.edu.ar\/sitio\/wp-content\/uploads\/2023\/07\/Trayecto-I.S.F.D.-y-T.-N\u00b0-13.png 1080w\" sizes=\"(max-width: 178px) 100vw, 178px\" \/><\/div>\n<div>\u00a0<\/div>\n<div class=\"gmail_default\">Se encuentra abierta la inscripci\u00f3n al Trayecto de Formaci\u00f3n Pedag\u00f3gica Complementaria de Educaci\u00f3n en \u00e1mbitos virtuales para graduados T\u00e9cnicos de Nivel Secundario y\/o Profesionales que se est\u00e9n desempe\u00f1ando laboralmente en el Nivel Secundario del Sistema Educativo de la Provincia de Buenos Aires.<\/div>\n<div class=\"gmail_default\">En esta oportunidad, la\u00a0<b>modalidad de cursada ser\u00e1 Semipresencial<\/b>, con encuentros sincr\u00f3nicos, presenciales y actividades asincr\u00f3nicas a realizarse en la plataforma del INFOD.<\/div>\n<div class=\"gmail_default\">La inscripci\u00f3n se realizar\u00e1 a trav\u00e9s del siguiente link\u00a0<a href=\"https:\/\/forms.gle\/BRnAJosjVnSCkQkY8\" target=\"_blank\" rel=\"noopener\" data-saferedirecturl=\"https:\/\/www.google.com\/url?q=https:\/\/forms.gle\/BRnAJosjVnSCkQkY8&amp;source=gmail&amp;ust=1689185082304000&amp;usg=AOvVaw0-dzBw6wm4KqERPsekt-yZ\">https:\/\/forms.gle\/<wbr \/>BRnAJosjVnSCkQkY8<\/a><\/div>\n<div><a href=\"https:\/\/isfd13-bue.infd.edu.ar\/sitio\/wp-content\/uploads\/2023\/07\/Trayecto-Requisitos.pdf\">Ver requisitos<\/a><\/div>\n\n\n<p><\/p>\n","protected":false},"excerpt":{"rendered":"<p>\u00a0 \u00a0 Se encuentra abierta la inscripci\u00f3n al Trayecto de Formaci\u00f3n Pedag\u00f3gica Complementaria de Educaci\u00f3n en \u00e1mbitos virtuales para graduados T\u00e9cnicos de Nivel Secundario y\/o Profesionales que se est\u00e9n desempe\u00f1ando laboralmente en el Nivel Secundario del Sistema Educativo de la Provincia de Buenos Aires. En esta oportunidad, la\u00a0modalidad de cursada ser\u00e1 Semipresencial, con encuentros sincr\u00f3nicos, &#8230; <a title=\"Noticias del Instituto\" class=\"read-more\" href=\"https:\/\/isfd13-bue.infd.edu.ar\/sitio\/noticias-del-instituto\/\" aria-label=\"More on Noticias del Instituto\">[+]<\/a><\/p>\n","protected":false},"author":342,"featured_media":0,"parent":0,"menu_order":0,"comment_status":"closed","ping_status":"closed","template":"","meta":[],"acf":[],"_links":{"self":[{"href":"https:\/\/isfd13-bue.infd.edu.ar\/sitio\/wp-json\/wp\/v2\/pages\/937"}],"collection":[{"href":"https:\/\/isfd13-bue.infd.edu.ar\/sitio\/wp-json\/wp\/v2\/pages"}],"about":[{"href":"https:\/\/isfd13-bue.infd.edu.ar\/sitio\/wp-json\/wp\/v2\/types\/page"}],"author":[{"embeddable":true,"href":"https:\/\/isfd13-bue.infd.edu.ar\/sitio\/wp-json\/wp\/v2\/users\/342"}],"replies":[{"embeddable":true,"href":"https:\/\/isfd13-bue.infd.edu.ar\/sitio\/wp-json\/wp\/v2\/comments?post=937"}],"version-history":[{"count":2,"href":"https:\/\/isfd13-bue.infd.edu.ar\/sitio\/wp-json\/wp\/v2\/pages\/937\/revisions"}],"predecessor-version":[{"id":1553,"href":"https:\/\/isfd13-bue.infd.edu.ar\/sitio\/wp-json\/wp\/v2\/pages\/937\/revisions\/1553"}],"wp:attachment":[{"href":"https:\/\/isfd13-bue.infd.edu.ar\/sitio\/wp-json\/wp\/v2\/media?parent=937"}],"curies":[{"name":"wp","href":"https:\/\/api.w.org\/{rel}","templated":true}]}}