{"id":928,"date":"2018-08-29T17:50:46","date_gmt":"2018-08-29T20:50:46","guid":{"rendered":"https:\/\/isfd13-bue.infd.edu.ar\/sitio\/informacion-para-alumnos\/"},"modified":"2021-12-16T21:29:01","modified_gmt":"2021-12-17T00:29:01","slug":"informacion-para-alumnos","status":"publish","type":"page","link":"https:\/\/isfd13-bue.infd.edu.ar\/sitio\/informacion-para-alumnos\/","title":{"rendered":"Informaci\u00f3n para alumnos"},"content":{"rendered":"<p>En este espacio se publicar\u00e1 informaci\u00f3n de inter\u00e9s para los alumnos del I. S. F. D. y T. N\u00ba 13 de la localidad de Pehuaj\u00f3.<\/p>\n","protected":false},"excerpt":{"rendered":"<p>En este espacio se publicar\u00e1 informaci\u00f3n de inter\u00e9s para los alumnos del I. S. F. D. y T. N\u00ba 13 de la localidad de Pehuaj\u00f3.<\/p>\n","protected":false},"author":363,"featured_media":0,"parent":0,"menu_order":0,"comment_status":"closed","ping_status":"closed","template":"","meta":[],"acf":[],"_links":{"self":[{"href":"https:\/\/isfd13-bue.infd.edu.ar\/sitio\/wp-json\/wp\/v2\/pages\/928"}],"collection":[{"href":"https:\/\/isfd13-bue.infd.edu.ar\/sitio\/wp-json\/wp\/v2\/pages"}],"about":[{"href":"https:\/\/isfd13-bue.infd.edu.ar\/sitio\/wp-json\/wp\/v2\/types\/page"}],"author":[{"embeddable":true,"href":"https:\/\/isfd13-bue.infd.edu.ar\/sitio\/wp-json\/wp\/v2\/users\/363"}],"replies":[{"embeddable":true,"href":"https:\/\/isfd13-bue.infd.edu.ar\/sitio\/wp-json\/wp\/v2\/comments?post=928"}],"version-history":[{"count":2,"href":"https:\/\/isfd13-bue.infd.edu.ar\/sitio\/wp-json\/wp\/v2\/pages\/928\/revisions"}],"predecessor-version":[{"id":1062,"href":"https:\/\/isfd13-bue.infd.edu.ar\/sitio\/wp-json\/wp\/v2\/pages\/928\/revisions\/1062"}],"wp:attachment":[{"href":"https:\/\/isfd13-bue.infd.edu.ar\/sitio\/wp-json\/wp\/v2\/media?parent=928"}],"curies":[{"name":"wp","href":"https:\/\/api.w.org\/{rel}","templated":true}]}}